{"id":20407,"date":"2025-10-01T10:40:37","date_gmt":"2025-10-01T08:40:37","guid":{"rendered":"https:\/\/garageduvernay.ch\/newsite\/?page_id=20407"},"modified":"2025-10-01T10:49:37","modified_gmt":"2025-10-01T08:49:37","slug":"politique-de-confidentialite","status":"publish","type":"page","link":"https:\/\/garageduvernay.ch\/newsite\/politique-de-confidentialite\/","title":{"rendered":"Politique de confidentialit\u00e9"},"content":{"rendered":"<div class=\"wpb-content-wrapper\"><p>[vc_row css_animation=\u00a0\u00bb\u00a0\u00bb row_type=\u00a0\u00bbrow\u00a0\u00bb use_row_as_full_screen_section=\u00a0\u00bbno\u00a0\u00bb type=\u00a0\u00bbgrid\u00a0\u00bb angled_section=\u00a0\u00bbno\u00a0\u00bb text_align=\u00a0\u00bbleft\u00a0\u00bb background_image_as_pattern=\u00a0\u00bbwithout_pattern\u00a0\u00bb padding_top=\u00a0\u00bb87&Prime; background_color=\u00a0\u00bb#ffffff\u00a0\u00bb padding_bottom=\u00a0\u00bb95&Prime; z_index=\u00a0\u00bb\u00a0\u00bb][vc_column][vc_column_text css=\u00a0\u00bb\u00a0\u00bb]<\/p>\n<h2 style=\"text-align: center;\">Mentions l\u00e9gales, politique de confidentialit\u00e9 et protection des donn\u00e9es<\/h2>\n<p>[\/vc_column_text][vc_separator type=\u00a0\u00bbsmall\u00a0\u00bb position=\u00a0\u00bbcenter\u00a0\u00bb down=\u00a0\u00bb38&Prime; up=\u00a0\u00bb7&Prime;][vc_row_inner row_type=\u00a0\u00bbrow\u00a0\u00bb type=\u00a0\u00bbfull_width\u00a0\u00bb text_align=\u00a0\u00bbleft\u00a0\u00bb css_animation=\u00a0\u00bb\u00a0\u00bb][vc_column_inner][vc_column_text css=\u00a0\u00bb\u00a0\u00bb]<\/p>\n<h3 class=\"p2\">1. G\u00e9n\u00e9ralit\u00e9s<\/h3>\n<p class=\"p3\">Le site <b>garageduvernay.ch<\/b> est un service d\u2019information. En acc\u00e9dant \u00e0 ce site, vous acceptez les conditions g\u00e9n\u00e9rales suivantes.<\/p>\n<p class=\"p3\">Garage du Vernay SA respecte et prot\u00e8ge l\u2019int\u00e9grit\u00e9 des informations personnelles des visiteurs de son site web.<br \/>\nLes donn\u00e9es collect\u00e9es sont utilis\u00e9es pour :<\/p>\n<ul class=\"ul1\">\n<li class=\"li3\">fournir les informations ou services demand\u00e9s,<\/li>\n<li class=\"li3\">am\u00e9liorer la qualit\u00e9 de nos prestations,<\/li>\n<li class=\"li3\">respecter nos obligations l\u00e9gales.<\/li>\n<\/ul>\n<p class=\"p3\">Les informations personnelles ne sont pas transmises \u00e0 des tiers, sauf obligation l\u00e9gale ou recours \u00e0 des prestataires mandat\u00e9s li\u00e9s par des accords de confidentialit\u00e9.<\/p>\n<p>&nbsp;<\/p>\n<h3 class=\"p2\">2. Conformit\u00e9 l\u00e9gale<\/h3>\n<p class=\"p3\">Conform\u00e9ment \u00e0 la <b>loi f\u00e9d\u00e9rale sur la protection des donn\u00e9es (LPD), r\u00e9vis\u00e9e en septembre 2023<\/b>, Garage du Vernay SA traite les donn\u00e9es personnelles avec soin et transparence.<\/p>\n<p class=\"p3\">Vous disposez notamment du droit :<\/p>\n<ul class=\"ul1\">\n<li class=\"li3\">d\u2019acc\u00e9der \u00e0 vos donn\u00e9es,<\/li>\n<li class=\"li3\">de demander leur rectification,<\/li>\n<li class=\"li3\">de demander leur suppression,<\/li>\n<li class=\"li3\">ou de limiter leur utilisation.<\/li>\n<\/ul>\n<p class=\"p3\">Toute demande peut \u00eatre adress\u00e9e par \u00e9crit \u00e0 : <a href=\"mailto:garage@garageduvernay.ch\"><span class=\"s2\"><b>garage@garageduvernay.ch<\/b><b><\/b><\/span><\/a><\/p>\n<p>&nbsp;<\/p>\n<h3 class=\"p2\">3. Collecte et utilisation des donn\u00e9es<\/h3>\n<p class=\"p3\">a) <b>Navigation et statistiques<\/b><br \/>\n\u00c0 des fins statistiques (sous forme anonyme), nous collectons certaines informations : date et heure de visite, adresse IP, dur\u00e9e de navigation, pages consult\u00e9es.<\/p>\n<p class=\"p3\">b) <b>Formulaire de contact<\/b><br \/>\nEn cas d\u2019utilisation du formulaire de contact, nous collectons nom, pr\u00e9nom, e-mail et t\u00e9l\u00e9phone. Ces donn\u00e9es ne sont utilis\u00e9es que pour faciliter nos \u00e9changes.<\/p>\n<p class=\"p3\">c) <b>Conservation<\/b><br \/>\nLes donn\u00e9es sont conserv\u00e9es uniquement pour la dur\u00e9e n\u00e9cessaire \u00e0 leur traitement et dans le respect des obligations l\u00e9gales.<\/p>\n<p>&nbsp;<\/p>\n<h3 class=\"p2\">4. Cookies et technologies<\/h3>\n<p class=\"p3\">a) <b>Cookies n\u00e9cessaires<\/b><br \/>\nIls permettent le bon fonctionnement du site (cache, pr\u00e9f\u00e9rences).<\/p>\n<p class=\"p3\">b) <b>Cookies analytiques<\/b><br \/>\nNotre site utilise <b>Google Analytics<\/b>. Certaines donn\u00e9es (dont l\u2019adresse IP) peuvent \u00eatre transf\u00e9r\u00e9es aux \u00c9tats-Unis. Bien que Google s\u2019engage contractuellement \u00e0 prot\u00e9ger ces donn\u00e9es, le niveau de protection n\u2019est pas \u00e9quivalent \u00e0 celui de la Suisse\/UE. Vous pouvez bloquer les cookies via votre navigateur.<\/p>\n<p class=\"p3\">c) <b>Google Fonts<\/b><br \/>\nPour l\u2019affichage harmonis\u00e9 des polices, le site utilise <b>Google Fonts<\/b>. Cela implique une connexion aux serveurs Google, qui peut entra\u00eener la transmission de votre adresse IP.<\/p>\n<p>&nbsp;<\/p>\n<h3 class=\"p2\">5. Donn\u00e9es \u00e0 l\u2019\u00e9tranger<\/h3>\n<p class=\"p3\">Les donn\u00e9es personnelles peuvent \u00eatre trait\u00e9es en Suisse ou \u00e0 l\u2019\u00e9tranger. Un transfert n\u2019est effectu\u00e9 que :<\/p>\n<ul class=\"ul1\">\n<li class=\"li3\">vers des pays reconnus par le PFPDT comme disposant d\u2019une protection ad\u00e9quate, ou<\/li>\n<li class=\"li3\">sur la base de garanties contractuelles (p. ex. clauses contractuelles types).<\/li>\n<\/ul>\n<p>&nbsp;<\/p>\n<h3 class=\"p2\">6. S\u00e9curit\u00e9 des donn\u00e9es<\/h3>\n<p class=\"p3\">Garage du Vernay SA prend toutes les mesures techniques et organisationnelles n\u00e9cessaires pour prot\u00e9ger vos donn\u00e9es personnelles (art. 7 LPD).<br \/>\nNotre site est h\u00e9berg\u00e9 en Suisse chez <b>Infomaniak SA<\/b>.<\/p>\n<p>&nbsp;<\/p>\n<h3 class=\"p2\"><b>7. Limitation de responsabilit\u00e9<\/b><\/h3>\n<p class=\"p3\">Garage du Vernay SA d\u00e9cline toute responsabilit\u00e9 en cas de dommage r\u00e9sultant de l\u2019utilisation du site, dans les limites permises par la loi.<br \/>\nLes liens externes sont fournis \u00e0 titre informatif. Nous n\u2019assumons aucune responsabilit\u00e9 quant \u00e0 leur contenu.<\/p>\n<p>&nbsp;<\/p>\n<h3 class=\"p2\">8. Propri\u00e9t\u00e9 intellectuelle<\/h3>\n<p class=\"p3\">Les textes, images et autres contenus du site sont la propri\u00e9t\u00e9 exclusive de <b>Garage du Vernay SA<\/b>.<br \/>\nToute reproduction, modification ou diffusion n\u00e9cessite une autorisation \u00e9crite pr\u00e9alable.<\/p>\n<p>&nbsp;<\/p>\n<h3 class=\"p2\">9. Droit applicable et for juridique<\/h3>\n<p class=\"p3\">Les relations entre <b>Garage du Vernay SA<\/b> et les utilisateurs du site sont r\u00e9gies exclusivement par le droit suisse.<br \/>\nTout litige \u00e9ventuel est soumis aux tribunaux comp\u00e9tents du canton de Vaud, sous r\u00e9serve de dispositions l\u00e9gales imp\u00e9ratives.<\/p>\n<p>&nbsp;<\/p>\n<h3 class=\"p2\">10. Contact<\/h3>\n<p class=\"p3\">Pour toute question ou r\u00e9clamation concernant la pr\u00e9sente politique de confidentialit\u00e9, merci de nous contacter :<br \/>\n<b>Garage du Vernay SA<\/b><br \/>\nChemin du Vernay 10, 1196 Gland<br \/>\n<span class=\"s3\">&#x1f4e7;<\/span> garage@garageduvernay.ch<\/p>\n<p>[\/vc_column_text][\/vc_column_inner][\/vc_row_inner][\/vc_column][\/vc_row]<\/p>\n<\/div>","protected":false},"excerpt":{"rendered":"<p>[vc_row css_animation=\u00a0\u00bb\u00a0\u00bb row_type=\u00a0\u00bbrow\u00a0\u00bb use_row_as_full_screen_section=\u00a0\u00bbno\u00a0\u00bb type=\u00a0\u00bbgrid\u00a0\u00bb angled_section=\u00a0\u00bbno\u00a0\u00bb text_align=\u00a0\u00bbleft\u00a0\u00bb background_image_as_pattern=\u00a0\u00bbwithout_pattern\u00a0\u00bb padding_top=\u00a0\u00bb87&Prime; background_color=\u00a0\u00bb#ffffff\u00a0\u00bb padding_bottom=\u00a0\u00bb95&Prime; z_index=\u00a0\u00bb\u00a0\u00bb][vc_column][vc_column_text css=\u00a0\u00bb\u00a0\u00bb] Mentions l\u00e9gales, politique de confidentialit\u00e9 et protection&#8230;<\/p>\n","protected":false},"author":1,"featured_media":0,"parent":0,"menu_order":0,"comment_status":"closed","ping_status":"open","template":"full_width.php","meta":{"footnotes":""},"class_list":["post-20407","page","type-page","status-publish","hentry"],"yoast_head":"<!-- This site is optimized with the Yoast SEO plugin v26.3 - https:\/\/yoast.com\/wordpress\/plugins\/seo\/ -->\n<title>Politique de confidentialit\u00e9 - Garage du Vernay<\/title>\n<meta name=\"description\" content=\"Mentions l\u00e9gales, politique de confidentialit\u00e9 et protection des donn\u00e9es. Le site garageduvernay.ch est un service d\u2019information.\" \/>\n<meta name=\"robots\" content=\"index, follow, max-snippet:-1, max-image-preview:large, max-video-preview:-1\" \/>\n<link rel=\"canonical\" href=\"https:\/\/garageduvernay.ch\/newsite\/politique-de-confidentialite\/\" \/>\n<meta property=\"og:locale\" content=\"fr_FR\" \/>\n<meta property=\"og:type\" content=\"article\" \/>\n<meta property=\"og:title\" content=\"Politique de confidentialit\u00e9 - Garage du Vernay\" \/>\n<meta property=\"og:description\" content=\"Mentions l\u00e9gales, politique de confidentialit\u00e9 et protection des donn\u00e9es. Le site garageduvernay.ch est un service d\u2019information.\" \/>\n<meta property=\"og:url\" content=\"https:\/\/garageduvernay.ch\/newsite\/politique-de-confidentialite\/\" \/>\n<meta property=\"og:site_name\" content=\"Garage du Vernay\" \/>\n<meta property=\"article:modified_time\" content=\"2025-10-01T08:49:37+00:00\" \/>\n<meta property=\"og:image\" content=\"https:\/\/garageduvernay.ch\/newsite\/wp-content\/uploads\/2024\/10\/Logo-Garage-du-vernay-2024-Yoast.webp\" \/>\n\t<meta property=\"og:image:width\" content=\"1200\" \/>\n\t<meta property=\"og:image:height\" content=\"675\" \/>\n\t<meta property=\"og:image:type\" content=\"image\/webp\" \/>\n<meta name=\"twitter:card\" content=\"summary_large_image\" \/>\n<meta name=\"twitter:label1\" content=\"Dur\u00e9e de lecture estim\u00e9e\" \/>\n\t<meta name=\"twitter:data1\" content=\"3 minutes\" \/>\n<script type=\"application\/ld+json\" class=\"yoast-schema-graph\">{\"@context\":\"https:\/\/schema.org\",\"@graph\":[{\"@type\":\"WebPage\",\"@id\":\"https:\/\/garageduvernay.ch\/newsite\/politique-de-confidentialite\/\",\"url\":\"https:\/\/garageduvernay.ch\/newsite\/politique-de-confidentialite\/\",\"name\":\"Politique de confidentialit\u00e9 - Garage du Vernay\",\"isPartOf\":{\"@id\":\"https:\/\/garageduvernay.ch\/newsite\/#website\"},\"datePublished\":\"2025-10-01T08:40:37+00:00\",\"dateModified\":\"2025-10-01T08:49:37+00:00\",\"description\":\"Mentions l\u00e9gales, politique de confidentialit\u00e9 et protection des donn\u00e9es. Le site garageduvernay.ch est un service d\u2019information.\",\"breadcrumb\":{\"@id\":\"https:\/\/garageduvernay.ch\/newsite\/politique-de-confidentialite\/#breadcrumb\"},\"inLanguage\":\"fr-FR\",\"potentialAction\":[{\"@type\":\"ReadAction\",\"target\":[\"https:\/\/garageduvernay.ch\/newsite\/politique-de-confidentialite\/\"]}]},{\"@type\":\"BreadcrumbList\",\"@id\":\"https:\/\/garageduvernay.ch\/newsite\/politique-de-confidentialite\/#breadcrumb\",\"itemListElement\":[{\"@type\":\"ListItem\",\"position\":1,\"name\":\"Accueil\",\"item\":\"https:\/\/garageduvernay.ch\/newsite\/\"},{\"@type\":\"ListItem\",\"position\":2,\"name\":\"Politique de confidentialit\u00e9\"}]},{\"@type\":\"WebSite\",\"@id\":\"https:\/\/garageduvernay.ch\/newsite\/#website\",\"url\":\"https:\/\/garageduvernay.ch\/newsite\/\",\"name\":\"Garage du Vernay\",\"description\":\"Votre Concessionnaire Toyota et Mitsubishi\",\"publisher\":{\"@id\":\"https:\/\/garageduvernay.ch\/newsite\/#organization\"},\"alternateName\":\"Garage du Vernay\",\"potentialAction\":[{\"@type\":\"SearchAction\",\"target\":{\"@type\":\"EntryPoint\",\"urlTemplate\":\"https:\/\/garageduvernay.ch\/newsite\/?s={search_term_string}\"},\"query-input\":{\"@type\":\"PropertyValueSpecification\",\"valueRequired\":true,\"valueName\":\"search_term_string\"}}],\"inLanguage\":\"fr-FR\"},{\"@type\":\"Organization\",\"@id\":\"https:\/\/garageduvernay.ch\/newsite\/#organization\",\"name\":\"Garage du Vernay\",\"alternateName\":\"Garage du Vernay\",\"url\":\"https:\/\/garageduvernay.ch\/newsite\/\",\"logo\":{\"@type\":\"ImageObject\",\"inLanguage\":\"fr-FR\",\"@id\":\"https:\/\/garageduvernay.ch\/newsite\/#\/schema\/logo\/image\/\",\"url\":\"https:\/\/garageduvernay.ch\/newsite\/wp-content\/uploads\/2024\/04\/Logo-jdf-Final-2021-696x696-1.jpg\",\"contentUrl\":\"https:\/\/garageduvernay.ch\/newsite\/wp-content\/uploads\/2024\/04\/Logo-jdf-Final-2021-696x696-1.jpg\",\"width\":696,\"height\":696,\"caption\":\"Garage du Vernay\"},\"image\":{\"@id\":\"https:\/\/garageduvernay.ch\/newsite\/#\/schema\/logo\/image\/\"}}]}<\/script>\n<!-- \/ Yoast SEO plugin. -->","yoast_head_json":{"title":"Politique de confidentialit\u00e9 - Garage du Vernay","description":"Mentions l\u00e9gales, politique de confidentialit\u00e9 et protection des donn\u00e9es. Le site garageduvernay.ch est un service d\u2019information.","robots":{"index":"index","follow":"follow","max-snippet":"max-snippet:-1","max-image-preview":"max-image-preview:large","max-video-preview":"max-video-preview:-1"},"canonical":"https:\/\/garageduvernay.ch\/newsite\/politique-de-confidentialite\/","og_locale":"fr_FR","og_type":"article","og_title":"Politique de confidentialit\u00e9 - Garage du Vernay","og_description":"Mentions l\u00e9gales, politique de confidentialit\u00e9 et protection des donn\u00e9es. Le site garageduvernay.ch est un service d\u2019information.","og_url":"https:\/\/garageduvernay.ch\/newsite\/politique-de-confidentialite\/","og_site_name":"Garage du Vernay","article_modified_time":"2025-10-01T08:49:37+00:00","og_image":[{"width":1200,"height":675,"url":"https:\/\/garageduvernay.ch\/newsite\/wp-content\/uploads\/2024\/10\/Logo-Garage-du-vernay-2024-Yoast.webp","type":"image\/webp"}],"twitter_card":"summary_large_image","twitter_misc":{"Dur\u00e9e de lecture estim\u00e9e":"3 minutes"},"schema":{"@context":"https:\/\/schema.org","@graph":[{"@type":"WebPage","@id":"https:\/\/garageduvernay.ch\/newsite\/politique-de-confidentialite\/","url":"https:\/\/garageduvernay.ch\/newsite\/politique-de-confidentialite\/","name":"Politique de confidentialit\u00e9 - Garage du Vernay","isPartOf":{"@id":"https:\/\/garageduvernay.ch\/newsite\/#website"},"datePublished":"2025-10-01T08:40:37+00:00","dateModified":"2025-10-01T08:49:37+00:00","description":"Mentions l\u00e9gales, politique de confidentialit\u00e9 et protection des donn\u00e9es. Le site garageduvernay.ch est un service d\u2019information.","breadcrumb":{"@id":"https:\/\/garageduvernay.ch\/newsite\/politique-de-confidentialite\/#breadcrumb"},"inLanguage":"fr-FR","potentialAction":[{"@type":"ReadAction","target":["https:\/\/garageduvernay.ch\/newsite\/politique-de-confidentialite\/"]}]},{"@type":"BreadcrumbList","@id":"https:\/\/garageduvernay.ch\/newsite\/politique-de-confidentialite\/#breadcrumb","itemListElement":[{"@type":"ListItem","position":1,"name":"Accueil","item":"https:\/\/garageduvernay.ch\/newsite\/"},{"@type":"ListItem","position":2,"name":"Politique de confidentialit\u00e9"}]},{"@type":"WebSite","@id":"https:\/\/garageduvernay.ch\/newsite\/#website","url":"https:\/\/garageduvernay.ch\/newsite\/","name":"Garage du Vernay","description":"Votre Concessionnaire Toyota et Mitsubishi","publisher":{"@id":"https:\/\/garageduvernay.ch\/newsite\/#organization"},"alternateName":"Garage du Vernay","potentialAction":[{"@type":"SearchAction","target":{"@type":"EntryPoint","urlTemplate":"https:\/\/garageduvernay.ch\/newsite\/?s={search_term_string}"},"query-input":{"@type":"PropertyValueSpecification","valueRequired":true,"valueName":"search_term_string"}}],"inLanguage":"fr-FR"},{"@type":"Organization","@id":"https:\/\/garageduvernay.ch\/newsite\/#organization","name":"Garage du Vernay","alternateName":"Garage du Vernay","url":"https:\/\/garageduvernay.ch\/newsite\/","logo":{"@type":"ImageObject","inLanguage":"fr-FR","@id":"https:\/\/garageduvernay.ch\/newsite\/#\/schema\/logo\/image\/","url":"https:\/\/garageduvernay.ch\/newsite\/wp-content\/uploads\/2024\/04\/Logo-jdf-Final-2021-696x696-1.jpg","contentUrl":"https:\/\/garageduvernay.ch\/newsite\/wp-content\/uploads\/2024\/04\/Logo-jdf-Final-2021-696x696-1.jpg","width":696,"height":696,"caption":"Garage du Vernay"},"image":{"@id":"https:\/\/garageduvernay.ch\/newsite\/#\/schema\/logo\/image\/"}}]}},"_links":{"self":[{"href":"https:\/\/garageduvernay.ch\/newsite\/wp-json\/wp\/v2\/pages\/20407","targetHints":{"allow":["GET"]}}],"collection":[{"href":"https:\/\/garageduvernay.ch\/newsite\/wp-json\/wp\/v2\/pages"}],"about":[{"href":"https:\/\/garageduvernay.ch\/newsite\/wp-json\/wp\/v2\/types\/page"}],"author":[{"embeddable":true,"href":"https:\/\/garageduvernay.ch\/newsite\/wp-json\/wp\/v2\/users\/1"}],"replies":[{"embeddable":true,"href":"https:\/\/garageduvernay.ch\/newsite\/wp-json\/wp\/v2\/comments?post=20407"}],"version-history":[{"count":7,"href":"https:\/\/garageduvernay.ch\/newsite\/wp-json\/wp\/v2\/pages\/20407\/revisions"}],"predecessor-version":[{"id":20411,"href":"https:\/\/garageduvernay.ch\/newsite\/wp-json\/wp\/v2\/pages\/20407\/revisions\/20411"}],"wp:attachment":[{"href":"https:\/\/garageduvernay.ch\/newsite\/wp-json\/wp\/v2\/media?parent=20407"}],"curies":[{"name":"wp","href":"https:\/\/api.w.org\/{rel}","templated":true}]}}