{"id":16734,"date":"2016-05-24T14:38:42","date_gmt":"2016-05-24T12:38:42","guid":{"rendered":"http:\/\/garageduvernay.ch\/newsite\/?page_id=16734"},"modified":"2019-05-27T09:38:53","modified_gmt":"2019-05-27T07:38:53","slug":"prendre-un-rendez-vous","status":"publish","type":"page","link":"https:\/\/garageduvernay.ch\/newsite\/prendre-un-rendez-vous\/","title":{"rendered":"Prendre un rendez-vous"},"content":{"rendered":"<div class=\"wpb-content-wrapper\"><p>[vc_row css_animation=\u00a0\u00bb\u00a0\u00bb row_type=\u00a0\u00bbrow\u00a0\u00bb use_row_as_full_screen_section=\u00a0\u00bbno\u00a0\u00bb type=\u00a0\u00bbfull_width\u00a0\u00bb angled_section=\u00a0\u00bbno\u00a0\u00bb text_align=\u00a0\u00bbleft\u00a0\u00bb background_image_as_pattern=\u00a0\u00bbwithout_pattern\u00a0\u00bb][vc_column][vc_separator type=\u00a0\u00bbtransparent\u00a0\u00bb up=\u00a0\u00bb30&Prime; down=\u00a0\u00bb0&Prime;][vc_column_text]<strong>Formulaire pour prendre un\u00a0rendez-vous.<\/strong><\/p>\n<p>Le Garage du Vernay\u00a0met \u00e0 votre disposition un atelier apr\u00e8s-vente et son \u00e9quipe de professionnels aux derni\u00e8res innovations de la marque :[\/vc_column_text][vc_separator type=\u00a0\u00bbtransparent\u00a0\u00bb up=\u00a0\u00bb30&Prime; down=\u00a0\u00bb0&Prime;][vc_row_inner row_type=\u00a0\u00bbrow\u00a0\u00bb type=\u00a0\u00bbfull_width\u00a0\u00bb text_align=\u00a0\u00bbleft\u00a0\u00bb css_animation=\u00a0\u00bb\u00a0\u00bb][vc_column_inner width=\u00a0\u00bb1\/4&Prime;][vc_column_text]<strong>Du lundi au jeudi<\/strong><br \/>\nDe 7h30 \u00e0 12h00<br \/>\net de 13h30 \u00e0 17h45<\/p>\n<p>&nbsp;<\/p>\n<p><strong>Le vendredi<\/strong><br \/>\nDe\u00a07h30 \u00e0 12h00<br \/>\net de 13h30 \u00e0 16h00[\/vc_column_text][\/vc_column_inner][vc_column_inner width=\u00a0\u00bb1\/4&Prime;][vc_column_text]<strong>Samedi ferm\u00e9<\/strong>[\/vc_column_text][\/vc_column_inner][vc_column_inner width=\u00a0\u00bb1\/2&Prime;][vc_column_text]Pour prendre rendez-vous avec notre atelier, <strong>rien de plus simple !<\/strong><\/p>\n<p>Il suffit de cliquer sur le bouton ci-dessous :[\/vc_column_text][vc_empty_space height=\u00a0\u00bb30px\u00a0\u00bb]<a  itemprop=\"url\" href=\"https:\/\/garageduvernay.sopl.ch\/\" target=\"_blank\" data-hover-color=\"#ff6c2c\" class=\"qbutton  medium center white default\" style=\"\">Prendre un rendez-vous<\/a>[\/vc_column_inner][\/vc_row_inner][vc_separator type=\u00a0\u00bbtransparent\u00a0\u00bb up=\u00a0\u00bb50&Prime; down=\u00a0\u00bb50&Prime;][vc_separator type=\u00a0\u00bbtransparent\u00a0\u00bb up=\u00a0\u00bb50&Prime; down=\u00a0\u00bb150&Prime;][\/vc_column][\/vc_row]<\/p>\n<\/div>","protected":false},"excerpt":{"rendered":"<p>[vc_row css_animation=\u00a0\u00bb\u00a0\u00bb row_type=\u00a0\u00bbrow\u00a0\u00bb use_row_as_full_screen_section=\u00a0\u00bbno\u00a0\u00bb type=\u00a0\u00bbfull_width\u00a0\u00bb angled_section=\u00a0\u00bbno\u00a0\u00bb text_align=\u00a0\u00bbleft\u00a0\u00bb background_image_as_pattern=\u00a0\u00bbwithout_pattern\u00a0\u00bb][vc_column][vc_separator type=\u00a0\u00bbtransparent\u00a0\u00bb up=\u00a0\u00bb30&Prime; down=\u00a0\u00bb0&Prime;][vc_column_text]Formulaire pour prendre un\u00a0rendez-vous. Le Garage du Vernay\u00a0met \u00e0 votre&#8230;<\/p>\n","protected":false},"author":1,"featured_media":0,"parent":0,"menu_order":0,"comment_status":"closed","ping_status":"closed","template":"","meta":{"footnotes":""},"class_list":["post-16734","page","type-page","status-publish","hentry"],"yoast_head":"<!-- This site is optimized with the Yoast SEO plugin v26.3 - https:\/\/yoast.com\/wordpress\/plugins\/seo\/ -->\n<title>Prendre un rendez-vous - Garage du Vernay<\/title>\n<meta name=\"description\" content=\"Formulaire de demande en ligne pour fixer un rendez-vous avec le Garage du Vernay pour votre voiture, une demande, un service, etc.\" \/>\n<meta name=\"robots\" content=\"index, follow, max-snippet:-1, max-image-preview:large, max-video-preview:-1\" \/>\n<link rel=\"canonical\" href=\"https:\/\/garageduvernay.ch\/newsite\/prendre-un-rendez-vous\/\" \/>\n<meta property=\"og:locale\" content=\"fr_FR\" \/>\n<meta property=\"og:type\" content=\"article\" \/>\n<meta property=\"og:title\" content=\"Prendre un rendez-vous - Garage du Vernay\" \/>\n<meta property=\"og:description\" content=\"Formulaire de demande en ligne pour fixer un rendez-vous avec le Garage du Vernay pour votre voiture, une demande, un service, etc.\" \/>\n<meta property=\"og:url\" content=\"https:\/\/garageduvernay.ch\/newsite\/prendre-un-rendez-vous\/\" \/>\n<meta property=\"og:site_name\" content=\"Garage du Vernay\" \/>\n<meta property=\"article:modified_time\" content=\"2019-05-27T07:38:53+00:00\" \/>\n<meta property=\"og:image\" content=\"https:\/\/garageduvernay.ch\/newsite\/wp-content\/uploads\/2024\/10\/Logo-Garage-du-vernay-2024-Yoast.webp\" \/>\n\t<meta property=\"og:image:width\" content=\"1200\" \/>\n\t<meta property=\"og:image:height\" content=\"675\" \/>\n\t<meta property=\"og:image:type\" content=\"image\/webp\" \/>\n<meta name=\"twitter:card\" content=\"summary_large_image\" \/>\n<meta name=\"twitter:label1\" content=\"Dur\u00e9e de lecture estim\u00e9e\" \/>\n\t<meta name=\"twitter:data1\" content=\"1 minute\" \/>\n<script type=\"application\/ld+json\" class=\"yoast-schema-graph\">{\"@context\":\"https:\/\/schema.org\",\"@graph\":[{\"@type\":\"WebPage\",\"@id\":\"https:\/\/garageduvernay.ch\/newsite\/prendre-un-rendez-vous\/\",\"url\":\"https:\/\/garageduvernay.ch\/newsite\/prendre-un-rendez-vous\/\",\"name\":\"Prendre un rendez-vous - Garage du Vernay\",\"isPartOf\":{\"@id\":\"https:\/\/garageduvernay.ch\/newsite\/#website\"},\"datePublished\":\"2016-05-24T12:38:42+00:00\",\"dateModified\":\"2019-05-27T07:38:53+00:00\",\"description\":\"Formulaire de demande en ligne pour fixer un rendez-vous avec le Garage du Vernay pour votre voiture, une demande, un service, etc.\",\"breadcrumb\":{\"@id\":\"https:\/\/garageduvernay.ch\/newsite\/prendre-un-rendez-vous\/#breadcrumb\"},\"inLanguage\":\"fr-FR\",\"potentialAction\":[{\"@type\":\"ReadAction\",\"target\":[\"https:\/\/garageduvernay.ch\/newsite\/prendre-un-rendez-vous\/\"]}]},{\"@type\":\"BreadcrumbList\",\"@id\":\"https:\/\/garageduvernay.ch\/newsite\/prendre-un-rendez-vous\/#breadcrumb\",\"itemListElement\":[{\"@type\":\"ListItem\",\"position\":1,\"name\":\"Accueil\",\"item\":\"https:\/\/garageduvernay.ch\/newsite\/\"},{\"@type\":\"ListItem\",\"position\":2,\"name\":\"Prendre un rendez-vous\"}]},{\"@type\":\"WebSite\",\"@id\":\"https:\/\/garageduvernay.ch\/newsite\/#website\",\"url\":\"https:\/\/garageduvernay.ch\/newsite\/\",\"name\":\"Garage du Vernay\",\"description\":\"Votre Concessionnaire Toyota et Mitsubishi\",\"publisher\":{\"@id\":\"https:\/\/garageduvernay.ch\/newsite\/#organization\"},\"alternateName\":\"Garage du Vernay\",\"potentialAction\":[{\"@type\":\"SearchAction\",\"target\":{\"@type\":\"EntryPoint\",\"urlTemplate\":\"https:\/\/garageduvernay.ch\/newsite\/?s={search_term_string}\"},\"query-input\":{\"@type\":\"PropertyValueSpecification\",\"valueRequired\":true,\"valueName\":\"search_term_string\"}}],\"inLanguage\":\"fr-FR\"},{\"@type\":\"Organization\",\"@id\":\"https:\/\/garageduvernay.ch\/newsite\/#organization\",\"name\":\"Garage du Vernay\",\"alternateName\":\"Garage du Vernay\",\"url\":\"https:\/\/garageduvernay.ch\/newsite\/\",\"logo\":{\"@type\":\"ImageObject\",\"inLanguage\":\"fr-FR\",\"@id\":\"https:\/\/garageduvernay.ch\/newsite\/#\/schema\/logo\/image\/\",\"url\":\"https:\/\/garageduvernay.ch\/newsite\/wp-content\/uploads\/2024\/04\/Logo-jdf-Final-2021-696x696-1.jpg\",\"contentUrl\":\"https:\/\/garageduvernay.ch\/newsite\/wp-content\/uploads\/2024\/04\/Logo-jdf-Final-2021-696x696-1.jpg\",\"width\":696,\"height\":696,\"caption\":\"Garage du Vernay\"},\"image\":{\"@id\":\"https:\/\/garageduvernay.ch\/newsite\/#\/schema\/logo\/image\/\"}}]}<\/script>\n<!-- \/ Yoast SEO plugin. -->","yoast_head_json":{"title":"Prendre un rendez-vous - Garage du Vernay","description":"Formulaire de demande en ligne pour fixer un rendez-vous avec le Garage du Vernay pour votre voiture, une demande, un service, etc.","robots":{"index":"index","follow":"follow","max-snippet":"max-snippet:-1","max-image-preview":"max-image-preview:large","max-video-preview":"max-video-preview:-1"},"canonical":"https:\/\/garageduvernay.ch\/newsite\/prendre-un-rendez-vous\/","og_locale":"fr_FR","og_type":"article","og_title":"Prendre un rendez-vous - Garage du Vernay","og_description":"Formulaire de demande en ligne pour fixer un rendez-vous avec le Garage du Vernay pour votre voiture, une demande, un service, etc.","og_url":"https:\/\/garageduvernay.ch\/newsite\/prendre-un-rendez-vous\/","og_site_name":"Garage du Vernay","article_modified_time":"2019-05-27T07:38:53+00:00","og_image":[{"width":1200,"height":675,"url":"https:\/\/garageduvernay.ch\/newsite\/wp-content\/uploads\/2024\/10\/Logo-Garage-du-vernay-2024-Yoast.webp","type":"image\/webp"}],"twitter_card":"summary_large_image","twitter_misc":{"Dur\u00e9e de lecture estim\u00e9e":"1 minute"},"schema":{"@context":"https:\/\/schema.org","@graph":[{"@type":"WebPage","@id":"https:\/\/garageduvernay.ch\/newsite\/prendre-un-rendez-vous\/","url":"https:\/\/garageduvernay.ch\/newsite\/prendre-un-rendez-vous\/","name":"Prendre un rendez-vous - Garage du Vernay","isPartOf":{"@id":"https:\/\/garageduvernay.ch\/newsite\/#website"},"datePublished":"2016-05-24T12:38:42+00:00","dateModified":"2019-05-27T07:38:53+00:00","description":"Formulaire de demande en ligne pour fixer un rendez-vous avec le Garage du Vernay pour votre voiture, une demande, un service, etc.","breadcrumb":{"@id":"https:\/\/garageduvernay.ch\/newsite\/prendre-un-rendez-vous\/#breadcrumb"},"inLanguage":"fr-FR","potentialAction":[{"@type":"ReadAction","target":["https:\/\/garageduvernay.ch\/newsite\/prendre-un-rendez-vous\/"]}]},{"@type":"BreadcrumbList","@id":"https:\/\/garageduvernay.ch\/newsite\/prendre-un-rendez-vous\/#breadcrumb","itemListElement":[{"@type":"ListItem","position":1,"name":"Accueil","item":"https:\/\/garageduvernay.ch\/newsite\/"},{"@type":"ListItem","position":2,"name":"Prendre un rendez-vous"}]},{"@type":"WebSite","@id":"https:\/\/garageduvernay.ch\/newsite\/#website","url":"https:\/\/garageduvernay.ch\/newsite\/","name":"Garage du Vernay","description":"Votre Concessionnaire Toyota et Mitsubishi","publisher":{"@id":"https:\/\/garageduvernay.ch\/newsite\/#organization"},"alternateName":"Garage du Vernay","potentialAction":[{"@type":"SearchAction","target":{"@type":"EntryPoint","urlTemplate":"https:\/\/garageduvernay.ch\/newsite\/?s={search_term_string}"},"query-input":{"@type":"PropertyValueSpecification","valueRequired":true,"valueName":"search_term_string"}}],"inLanguage":"fr-FR"},{"@type":"Organization","@id":"https:\/\/garageduvernay.ch\/newsite\/#organization","name":"Garage du Vernay","alternateName":"Garage du Vernay","url":"https:\/\/garageduvernay.ch\/newsite\/","logo":{"@type":"ImageObject","inLanguage":"fr-FR","@id":"https:\/\/garageduvernay.ch\/newsite\/#\/schema\/logo\/image\/","url":"https:\/\/garageduvernay.ch\/newsite\/wp-content\/uploads\/2024\/04\/Logo-jdf-Final-2021-696x696-1.jpg","contentUrl":"https:\/\/garageduvernay.ch\/newsite\/wp-content\/uploads\/2024\/04\/Logo-jdf-Final-2021-696x696-1.jpg","width":696,"height":696,"caption":"Garage du Vernay"},"image":{"@id":"https:\/\/garageduvernay.ch\/newsite\/#\/schema\/logo\/image\/"}}]}},"_links":{"self":[{"href":"https:\/\/garageduvernay.ch\/newsite\/wp-json\/wp\/v2\/pages\/16734","targetHints":{"allow":["GET"]}}],"collection":[{"href":"https:\/\/garageduvernay.ch\/newsite\/wp-json\/wp\/v2\/pages"}],"about":[{"href":"https:\/\/garageduvernay.ch\/newsite\/wp-json\/wp\/v2\/types\/page"}],"author":[{"embeddable":true,"href":"https:\/\/garageduvernay.ch\/newsite\/wp-json\/wp\/v2\/users\/1"}],"replies":[{"embeddable":true,"href":"https:\/\/garageduvernay.ch\/newsite\/wp-json\/wp\/v2\/comments?post=16734"}],"version-history":[{"count":44,"href":"https:\/\/garageduvernay.ch\/newsite\/wp-json\/wp\/v2\/pages\/16734\/revisions"}],"predecessor-version":[{"id":17957,"href":"https:\/\/garageduvernay.ch\/newsite\/wp-json\/wp\/v2\/pages\/16734\/revisions\/17957"}],"wp:attachment":[{"href":"https:\/\/garageduvernay.ch\/newsite\/wp-json\/wp\/v2\/media?parent=16734"}],"curies":[{"name":"wp","href":"https:\/\/api.w.org\/{rel}","templated":true}]}}